{"id":439,"date":"2019-07-19T19:48:36","date_gmt":"2019-07-19T19:48:36","guid":{"rendered":"https:\/\/jorgeluismartin.com\/biohostel\/?page_id=439"},"modified":"2020-03-03T01:49:50","modified_gmt":"2020-03-03T01:49:50","slug":"lugares-para-visitar","status":"publish","type":"page","link":"https:\/\/jorgeluismartin.com\/biohostel\/lugares-para-visitar\/","title":{"rendered":"Lugares para visitar"},"content":{"rendered":"<p>[et_pb_section fb_built=\u00bb1&#8243; _builder_version=\u00bb4.2.2&#8243; background_color=\u00bb#35280a\u00bb custom_padding=\u00bb42px||0px|||\u00bb][et_pb_row _builder_version=\u00bb4.2.2&#8243; width=\u00bb100%\u00bb module_alignment=\u00bbcenter\u00bb custom_padding=\u00bb0px||1px|||\u00bb][et_pb_column type=\u00bb4_4&#8243; _builder_version=\u00bb4.2.2&#8243;][et_pb_slider _builder_version=\u00bb4.2.2&#8243; background_image=\u00bbhttps:\/\/jorgeluismartin.com\/biohostel\/wp-content\/uploads\/2018\/03\/dique-la-vi\u00f1a-s.jpg\u00bb custom_margin=\u00bb-46px|||||\u00bb hover_enabled=\u00bb0&#8243;][et_pb_slide heading=\u00bbDique La Vi\u00f1a\u00bb image=\u00bbhttps:\/\/jorgeluismartin.com\/biohostel\/wp-content\/uploads\/2020\/01\/dique-la-vi\u00f1a.jpg\u00bb _builder_version=\u00bb4.2.2&#8243;]<\/p>\n<p>Dique la Vi\u00f1a: Bello en inmenso espejo de agua. Maravillosos atardeceres. En el APA hay proveedur\u00eda, juegos de mesa y alquiler de botes.<br \/> <span style=\"color: #ffff00;\"><em>A solo 30 Minutos del Bio Hostel Pancha<\/em><\/span><\/p>\n<p>[\/et_pb_slide][et_pb_slide heading=\u00bbRio de Nono\u00bb image=\u00bbhttps:\/\/jorgeluismartin.com\/biohostel\/wp-content\/uploads\/2020\/01\/arroyo-de-los-patos.jpg\u00bb use_text_overlay=\u00bbon\u00bb _builder_version=\u00bb4.2.2&#8243; background_image=\u00bbhttps:\/\/jorgeluismartin.com\/biohostel\/wp-content\/uploads\/2018\/03\/Rio-Nono-2015-arroyo-de-los-patos-s.jpg\u00bb background_enable_image=\u00bbon\u00bb]<\/p>\n<p>Playas de agua cristalina en Arroyo de los Patos, Nono.<br \/> <span style=\"color: #ffff00;\"><em>A solo 35 minutos del Bio Hostel Pancha.<\/em><\/span><\/p>\n<p><span style=\"color: #ffff00;\"><em>https:\/\/goo.gl\/maps\/xXrUCxHrhV1N2qQG8<\/em><\/span><\/p>\n<p><span style=\"color: #ffff00;\"><em><\/em><\/span><\/p>\n<p><span style=\"color: #ffff00;\"><em><\/em><\/span><\/p>\n<p>[\/et_pb_slide][et_pb_slide heading=\u00bbCamino al Champaqui\u00bb image=\u00bbhttps:\/\/jorgeluismartin.com\/biohostel\/wp-content\/uploads\/2018\/03\/Serro-Champaki-ventana-s.jpg\u00bb use_bg_overlay=\u00bboff\u00bb use_text_overlay=\u00bbon\u00bb _builder_version=\u00bb4.2.2&#8243; background_image=\u00bbhttps:\/\/jorgeluismartin.com\/biohostel\/wp-content\/uploads\/2018\/03\/Vaikuntha-2012-naturel-05.jpg\u00bb background_enable_image=\u00bbon\u00bb]<\/p>\n<p style=\"text-align: center;\">Camino al Champaqui, entrando por Rodeo de piedra y pasando por Vaikuntha.<br \/> <span style=\"color: #ffff00;\"><em>30 Minutos al sendero, desde el Bio Hostel Pancha<\/em><\/span><\/p>\n<p>[\/et_pb_slide][et_pb_slide heading=\u00bbBosque de Tabaquillos\u00bb image=\u00bbhttps:\/\/jorgeluismartin.com\/biohostel\/wp-content\/uploads\/2018\/03\/Vaikuntha-boque-de-tabaquillos-007.jpg\u00bb use_bg_overlay=\u00bboff\u00bb use_text_overlay=\u00bbon\u00bb _builder_version=\u00bb4.2.2&#8243; background_image=\u00bbhttps:\/\/jorgeluismartin.com\/biohostel\/wp-content\/uploads\/2018\/03\/Vaikuntha-boque-de-tabaquillos-001.jpg\u00bb background_enable_image=\u00bbon\u00bb hover_enabled=\u00bb0&#8243;]<\/p>\n<p style=\"text-align: center;\">Camino al Champaqui, entrando por Rodeo de piedra y pasando por Vaikuntha.<br \/> <span style=\"color: #ffff00;\"><em>30 Minutos al sendero, desde el Bio Hostel Pancha<\/em><\/span><\/p>\n<p>[\/et_pb_slide][et_pb_slide heading=\u00bbEL MIrador y pozo de San Javier\u00bb image=\u00bbhttps:\/\/jorgeluismartin.com\/biohostel\/wp-content\/uploads\/2020\/03\/Bio-hostel-pozo-mirador-san-javier.jpg\u00bb use_bg_overlay=\u00bboff\u00bb use_text_overlay=\u00bbon\u00bb _builder_version=\u00bb4.2.2&#8243; background_image=\u00bbhttps:\/\/jorgeluismartin.com\/biohostel\/wp-content\/uploads\/2020\/03\/20200203_203815-scaled.jpg\u00bb background_enable_image=\u00bbon\u00bb hover_enabled=\u00bb0&#8243;]<\/p>\n<p style=\"text-align: center;\">Arroyo con ollas de agua transpartente para darse un chapuzon y luego subir al mirador y apreciar la belleza del Valle en el atardecer.<br \/> <span style=\"color: #ffff00;\"><em>30 Minutos al sendero, desde el Bio Hostel Pancha<\/em><\/span><\/p>\n<p><a href=\"https:\/\/goo.gl\/maps\/xXrUCxHrhV1N2qQG8\" target=\"_blank\" rel=\"noopener noreferrer\">https:\/\/goo.gl\/maps\/xXrUCxHrhV1N2qQG8<\/a><\/p>\n<p>[\/et_pb_slide][\/et_pb_slider][\/et_pb_column][\/et_pb_row][\/et_pb_section]<\/p>\n","protected":false},"excerpt":{"rendered":"<p>[et_pb_section fb_built=\u00bb1&#8243; _builder_version=\u00bb4.2.2&#8243; background_color=\u00bb#35280a\u00bb custom_padding=\u00bb42px||0px|||\u00bb][et_pb_row _builder_version=\u00bb4.2.2&#8243; width=\u00bb100%\u00bb module_alignment=\u00bbcenter\u00bb custom_padding=\u00bb0px||1px|||\u00bb][et_pb_column type=\u00bb4_4&#8243; _builder_version=\u00bb4.2.2&#8243;][et_pb_slider _builder_version=\u00bb4.2.2&#8243; background_image=\u00bbhttps:\/\/jorgeluismartin.com\/biohostel\/wp-content\/uploads\/2018\/03\/dique-la-vi\u00f1a-s.jpg\u00bb custom_margin=\u00bb-46px|||||\u00bb hover_enabled=\u00bb0&#8243;][et_pb_slide heading=\u00bbDique La Vi\u00f1a\u00bb image=\u00bbhttps:\/\/jorgeluismartin.com\/biohostel\/wp-content\/uploads\/2020\/01\/dique-la-vi\u00f1a.jpg\u00bb _builder_version=\u00bb4.2.2&#8243;] Dique la Vi\u00f1a: Bello en inmenso espejo de agua. Maravillosos atardeceres. En el APA hay proveedur\u00eda, juegos de mesa y alquiler de botes. A solo 30 Minutos del Bio Hostel Pancha [\/et_pb_slide][et_pb_slide heading=\u00bbRio de Nono\u00bb [&hellip;]<\/p>\n","protected":false},"author":1,"featured_media":0,"parent":0,"menu_order":0,"comment_status":"closed","ping_status":"closed","template":"","meta":{"_et_pb_use_builder":"on","_et_pb_old_content":"<!-- wp:tadv\/classic-paragraph -->\r\n<p>Bio Hostel Pancharaguay se encuentra en Achiras Abajo, entre San Javier y Villa de las Rosas en el Valle de Traslasierra, C\u00f3rdoba.<\/p>\r\n<p>Hay varias maneras de llegar dependiendo como y de donde vengas. Aqu\u00ed las opciones donde puedes desplegar el detalle y los mapas de google.<\/p>\r\n<p><span style=\"color: #ccffcc;\"><strong>Come llegar al Bio Hostel en vehiculo<\/strong><\/span><\/p>\r\n<p><strong>[expand title=\"Desde Buenos Aires por RN8 hasta San Javier -<\/strong> 11 hs aprox. (832 km)\"]<\/p>\r\n<p>1+Tomas la Panamericana hasta el ramal Pilar a RN8 <em style=\"font-size: 1rem;\">(OJO* tomar a la izquierda, ya que derecha es RN9 a escobar)<\/em><\/p>\r\n<p>2+Contin\u00faas por RN8 hasta Rio Cuarto pasando por Pilar - Solis - San Antonio de Areco - Arrecifes - Pergamino - Colon - Hughes - Venado Tuerto - Arias - La Carlota - Reducci\u00f3n - Rio Cuarto.<br \/><br \/>3+Contin\u00faas por RP30 hasta La Punilla pasando por Achiras (OJO, este es otro \"Achiras\", que pertenece a Rio Cuarto....)<br \/><br \/>4+Contin\u00faas por RP1 hasta Merlo pasando por Villa del Carmen, Villa Larca, Cortaderas, Carpinteria, Merlo.<\/p>\r\n<p>5+Contin\u00faas por RP14 llamada camino de las costa pasando por La Ramada, Quebracho Ladeado, La Paz, Luyaba, Travesya, La Poblacion, Yacanto, San Javier. Desde la plaza estas a menos de 5 km. [\/expand]<\/p>\r\n<p><strong>[expand title=\"Desde Buenos Aires Ruta RN9 por Alta Gracia hasta Villa de las Rosas)<\/strong> - 10 hs aprox. (863 km)\"]<em>(esta opci\u00f3n es muy r\u00e1pida ya que gran parte del recorrido es por autopista, pero tiene la dificultad para algunos de subir las altas cumbres. Tienes dos opciones, una es llegar hasta la circunvalaci\u00f3n de C\u00f3rdoba y de all\u00ed a Carlos Paz y altas cumbres o ir por alta gracia y de alli las altas cumbres).<\/em><\/p>\r\n<p>1+Tomas la Panamericana hasta el ramal Pilar a RN9 <em>(OJO* tomar a la derecha, ya que izquierda es RN9 a Pilar)<\/em><\/p>\r\n<p>2+Continuas por la Autopista RN9 hasta Rio Segundo (antes de C\u00f3rdoba), pasando por Escobar, Campana, Bordeando la circunvalaci\u00f3n de Rosario, Rio Segundo.<\/p>\r\n<p>3+sales de la Autopista RN9 hasta altas cumbres pasando por Rio Segundo, Alta Gracia, Falda del Carmen, camino de las cien curvas hasta la rotona de RP34.<\/p>\r\n<p>4+Continuas por RP34, llamado el camino de las altas cubres hasta Mina Clavero<\/p>\r\n<p>5+Continuas por RP14 hasta Villa de las Rosas o San Javier, pasando por Nono, Las Rabonas, Los Hornillos, Villa de las Rosas, San Javier. [\/expand]<\/p>\r\n<p><strong>[expand title=\"Desde Buenos Aires Ruta RN9 por Carlos Paz hasta Villa de las Rosas - <\/strong>10:30 hs aprox. (884 km)\"]<\/p>\r\n<p><em>(esta opci\u00f3n es muy r\u00e1pida ya que gran parte del recorrido es por autopista, pero tiene la dificultad para algunos de subir las altas cumbres. Tienes dos opciones, una es llegar hasta la circunvalaci\u00f3n de C\u00f3rdoba y de all\u00ed a Carlos Paz y altas cumbres o ir por alta gracia y de alli las altas cumbres).<\/em><\/p>\r\n<p>1+Tomas la Panamericana hasta el ramal Pilar a RN9 <em>(OJO* derecha, ya que izquierda es RN9 a Pilar)<\/em><\/p>\r\n<p>2+Continuas por la Autopista RN9 hasta la circunvalaci\u00f3n de C\u00f3rdoba), pasando por Escobar, Campana, Bordeando la circunvalaci\u00f3n de Rosario, C\u00f3rdoba.<\/p>\r\n<p>3+ Continuas bordeando la circunvalaci\u00f3n de C\u00f3rdoba y tomando Autopista AU20 hasta Carlos Paz pasando por la avenida Fuerza Aerea hasta la AU20, Carlos Paz.<\/p>\r\n<p>4+Continuas por la RN20 altas cumbres a Mina Clavero, pasando por Icho Cruz, Cuesta Blanca, El condor, Mina Clavero<\/p>\r\n<p>5+Continuas por RP14 hasta Villa de las Rosas o San Javier, pasando por Nono, Las Rabonas, Los Hornillos, Villa de las Rosas, San Javier.[\/expand]<\/p>\r\n<p><strong>[expand title=\"Desde Buenos Aires Ruta RN7 hasta San Javier <\/strong>(Esta es la opci\u00f3n menos recomendable ) - 11 hs aprox. (921 km)\"]<br \/>1+ Tomas la RN7 desde el acceso Oeste hacia Villa Mercedes pasando por Moreno, General Rodriguez, Lujan, San Andres de Giles, Carmen de Areco, Chacabuco, Junin, Vedia, Rufino, Laboulaye, Viku\u00f1a Mackena, Villa Mercedes.<\/p>\r\n<p>2+Contin\u00faas por RN148 desde Villa Mercedes a Villa Dolores pasando por Tilisarao, bordeando Santa Rosa de Conlara, Villa Dolores<\/p>\r\n<p>3+Contin\u00faas por RN20 hacia Las tapias<\/p>\r\n<p>4+Contin\u00faas por RP14 hacia \"El Pueblito\" antes de llegar a San Javier<\/p>\r\n<p>5+Contin\u00faas por camino de tierra Barrancas de los Loros siguiendo los carteles que dicen Balarama Puri en Achiras Abajo.[\/expand]<\/p>\r\n<p><strong>[expand title=\"Desde C\u00f3rdoba Capital por RN20 de altas cumbres<\/strong> - 3 hs aprox. (177 km)\"]<\/p>\r\n<p>1+Tomas la Autopista AU 20 con peaje desde Circunvalaci\u00f3n de C\u00f3rdoba hasta Carlos Paz.<\/p>\r\n<p>2+Continuas por la RN20 altas cumbres a Mina Clavero, pasando por Icho Cruz, Cuesta Blanca, El condor, Mina Clavero<\/p>\r\n<p>3+Continuas por RP14 hasta Villa de las Rosas o San Javier, pasando por Nono, Las Rabonas, Los Hornillos, Villa de las Rosas, San Javier.[\/expand]<\/p>\r\n<p><strong>[expand title=\"Desde Merlo, San Luis por RP1 camino de la costa hasta San Javier<\/strong> - <em>1 hora aprox. (43 km asfalto )\"]<\/em><\/p>\r\n<p>1+ Tomas la RP1, llamada camino de la costa, hasta San Javier, pasando por Cruz de Ca\u00f1a, La Paz, Travesya, Luyaba, La poblaci\u00f3n, Yacanto, San Javier<\/p>\r\n<p>[\/expand]<\/p>\r\n<p><strong>[expand title=\"Desde la Plaza de San Javier al Bio Hostel Pancharaguay<\/strong>- <em>10 Min. aprox. (1,7 km asfalto + 3 km camino de tierra)\" ]<\/em><\/p>\r\n<p>1+Desde la plaza de San Javier tomas la RP14 en direcci\u00f3n a Villa Dolores hasta la entrada de \"El Pueblito\" (1,7 km)<\/p>\r\n<p>2+Continuas por el camino de tierra \"Barranca de los Loros\" siguiendo los carteles que dicen Balarama Puri, Achiras Abajo pasando por el cruce hacia Barranca de los Loros tomando a la derecha, bordeando la garita de Achiras Abajo a la derecha, descendiendo, bordeando la plazoleta Cura Gaucho a la derecha, cruzando el vado con ag\u00fcita, subiendo al rancho escudero y doblando a la derecha hasta encontrarse a los 500 metros con el Cartel Pancharaguay.<\/p>\r\n<p><span style=\"color: #ffff00;\">Google Maps:<\/span><a href=\"https:\/\/goo.gl\/maps\/PUT27Wj7VZ5GcQ8D9\"> https:\/\/goo.gl\/maps\/PUT27Wj7VZ5GcQ8D9<\/a><br \/><iframe style=\"border: 0;\" src=\"https:\/\/www.google.com\/maps\/embed?pb=!1m26!1m12!1m3!1d22025.877003005964!2d-65.05465488521554!3d-32.010378206915284!2m3!1f0!2f0!3f0!3m2!1i1024!2i768!4f13.1!4m11!3e0!4m5!1s0x95d2d6998658e685%3A0xd4e19f4ebf54dd77!2sPlaza+San+Javier%2C+San+Javier%2C+C%C3%B3rdoba!3m2!1d-32.0265158!2d-65.0302672!4m3!3m2!1d-31.9948554!2d-65.0366619!5e1!3m2!1ses!2sar!4v1563670539248!5m2!1ses!2sar\" width=\"600\" height=\"450\" frameborder=\"0\" allowfullscreen=\"allowfullscreen\"><\/iframe>[\/expand]<\/p>\r\n<hr \/>\r\n<p><strong>[expand title=\"Desde Villa de las Rosas por Barranca de los Loros <\/strong>- 15 Min. aprox. (7 km por camino de tierra)\"]<\/p>\r\n<p>1+Desde la plaza de Villa de las Rosas tomas la RP14 en direcci\u00f3n a Villa Dolores durante 5 cuadras donde hay un peque\u00f1o triangulo, continua derecho (si doblas a las derecha te diriges a Villa Dolores).<\/p>\r\n<p>2+Continuas por el camino de tierra llamado \"Barranca de los loros\" por 7 km pasando por Solares del Champaqui, la aguadita de la Carniolita, subiendo enseguida y doblando a la izquierda hasta encontrar peque\u00f1o triangulo con carteles que dicen \"Balarama Puri\" y tomando el camino a la izquierda hasta encontrar el Pancharaguay.<\/p>\r\n<p><span style=\"color: #ffff00;\">Google Maps: <\/span>https:\/\/goo.gl\/maps\/R6uNuBNBe6xAfkbQ6<\/p>\r\n<p><iframe style=\"border: 0;\" src=\"https:\/\/www.google.com\/maps\/embed?pb=!1m28!1m12!1m3!1d44065.22092233825!2d-65.06226898931278!3d-31.982350242087588!2m3!1f0!2f0!3f0!3m2!1i1024!2i768!4f13.1!4m13!3e0!4m5!1s0x95d2d52891e74a37%3A0x65723abc7656067c!2sPlaza%20San%20Mart%C3%ADn%2C%20Las%20Rosas%2C%20C%C3%B3rdoba!3m2!1d-31.947097!2d-65.0520454!4m5!1s0x95d2d548a6eec6a5%3A0xe144209671b3b7f8!2sBio%20Hostel%20Pancharaguay%2C%20Achiras%20abajo%2C%20Calle%20publica%20sin%20nombre%2C%20X5875%2C%20C%C3%B3rdoba!3m2!1d-31.9949771!2d-65.0366967!5e1!3m2!1ses!2sar!4v1576949924525!5m2!1ses!2sar\" width=\"600\" height=\"450\" frameborder=\"0\" allowfullscreen=\"allowfullscreen\"><\/iframe>[\/expand]<\/p>\r\n<p><strong>[expand title=\"Desde Villa de las Rosas por RN14 y camino de tierra <\/strong>- 25 Min. aprox. ( 12,6 km de asfalto y 3 km por camino de tierra)\"]<\/p>\r\n<p>1+Desde la plaza de Villa de las Rosas tomas la RP14 en direcci\u00f3n a Villa Dolores hasta la rotonda de Las Tapias.<\/p>\r\n<p>2+Continuas en la segunda salida de la rotonda de Las Tapias con destino a San Javier hasta El Pueblito<\/p>\r\n<p>3+Continuas por el camino de tierra \"Barranca de los Loros\" siguiendo los carteles que dicen Balarama Puri \/ Achiras Abajo pasando por el cruce hacia Barranca de los Loros tomando a la derecha, bordeando la garita de Achiras Abajo a la derecha, descendiendo, bordeando la plazoleta Cura Gaucho a la derecha, cruzando el vado con ag\u00fcita, subiendo al rancho escudero y doblando a la derecha hasta encontrarse a los 500 metros con el Cartel Pancharaguay<\/p>\r\n<p><span style=\"color: #ffff00;\">Google Maps :<\/span> <a href=\"https:\/\/goo.gl\/maps\/ZvjRZ3cwwqen1G4e7\">https:\/\/goo.gl\/maps\/ZvjRZ3cwwqen1G4e7<\/a><\/p>\r\n<p><iframe style=\"border: 0;\" src=\"https:\/\/www.google.com\/maps\/embed?pb=!1m28!1m12!1m3!1d44065.22092233825!2d-65.06226898931278!3d-31.982350242087588!2m3!1f0!2f0!3f0!3m2!1i1024!2i768!4f13.1!4m13!3e0!4m5!1s0x95d2d52891e74a37%3A0x65723abc7656067c!2sPlaza%20San%20Mart%C3%ADn%2C%20Las%20Rosas%2C%20C%C3%B3rdoba!3m2!1d-31.947097!2d-65.0520454!4m5!1s0x95d2d548a6eec6a5%3A0xe144209671b3b7f8!2sBio%20Hostel%20Pancharaguay%2C%20Achiras%20abajo%2C%20Calle%20publica%20sin%20nombre%2C%20X5875%2C%20C%C3%B3rdoba!3m2!1d-31.9949771!2d-65.0366967!5e1!3m2!1ses!2sar!4v1576950271495!5m2!1ses!2sar\" width=\"600\" height=\"450\" frameborder=\"0\" allowfullscreen=\"allowfullscreen\"><\/iframe>[\/expand]<\/p>\r\n<hr \/>\r\n<p>Google Maps desde Buenos Aires por RN7 - RN8 - Autopista RN9<br \/><iframe style=\"border: 0;\" src=\"https:\/\/www.google.com\/maps\/embed?pb=!1m26!1m12!1m3!1d1804453.99141161!2d-64.25479447965563!3d-32.54104347435463!2m3!1f0!2f0!3f0!3m2!1i1024!2i768!4f13.1!4m11!3e0!4m5!1s0x95bcca3b4ef90cbd%3A0xa0b3812e88e88e87!2sBuenos+Aires%2C+CABA!3m2!1d-34.6036844!2d-58.3815591!4m3!3m2!1d-31.9948554!2d-65.0366619!5e1!3m2!1ses!2sar!4v1563688154898!5m2!1ses!2sar\" width=\"600\" height=\"450\" frameborder=\"0\" allowfullscreen=\"allowfullscreen\"><\/iframe><\/p>\r\n<hr \/>\r\n<p>Google Maps desde la Plaza de Merlo, San Luis<br \/><span style=\"color: #ff9900;\"><strong><iframe style=\"border: 0;\" src=\"https:\/\/www.google.com\/maps\/embed?pb=!1m39!1m12!1m3!1d216143.82130965692!2d-65.18127829001061!3d-32.170605567528796!2m3!1f0!2f0!3f0!3m2!1i1024!2i768!4f13.1!4m24!3e0!4m4!2s-31.994075%2C+-65.035705!3m2!1d-31.994075!2d-65.035705!4m5!1s0x95d2d691fc042b0b%3A0x553e7005c980d1d8!2sYacanto%2C+San+Javier%2C+C%C3%B3rdoba!3m2!1d-32.034850999999996!2d-65.036101!4m5!1s0x95d2df0244be9025%3A0xa88fa57ee83f4f35!2sLa+Paz%2C+C%C3%B3rdoba!3m2!1d-32.2172139!2d-65.0483642!4m5!1s0x95d2e6ab283b4007%3A0x73d01f3375f71547!2sMerlo+San+Luis%2C+Ruta+Provincial+5%2C+Merlo%2C+San+Luis!3m2!1d-32.3474196!2d-65.0161464!5e0!3m2!1ses!2sar!4v1524268607669\" width=\"600\" height=\"450\" frameborder=\"0\" allowfullscreen=\"allowfullscreen\"><span data-mce-type=\"bookmark\" style=\"display: inline-block; width: 0px; overflow: hidden; line-height: 0;\" class=\"mce_SELRES_start\"><\/span><\/iframe><\/strong><\/span><\/p>\r\n<hr \/>\r\n<p>Google Maps desde la Plaza de Villa Dolores, Cordoba<iframe style=\"border: 0;\" src=\"https:\/\/www.google.com\/maps\/embed?pb=!1m23!1m8!1m3!1d108301.56660882755!2d-65.1632463!3d-31.9765208!3m2!1i1024!2i768!4f13.1!4m12!3e0!4m5!1s0x942cd36012ebb0e1%3A0x3a4d4e674f9e51c4!2sVilla+Dolores%2C+C%C3%B3rdoba!3m2!1d-31.945028899999997!2d-65.1902739!4m4!2s-31.995048%2C-65.036685!3m2!1d-31.995047999999997!2d-65.03668499999999!5e0!3m2!1ses!2sar!4v1524240257863\" width=\"600\" height=\"450\" frameborder=\"0\" allowfullscreen=\"allowfullscreen\"><\/iframe><\/p>\r\n<!-- \/wp:tadv\/classic-paragraph -->\r\n<p><span style=\"color: #ccffcc;\"><strong>Come llegar al Bio Hostel en Micro<\/strong><\/span><\/p>\r\n<p><strong>Buenos Aires - Villa de Las Rosas (878 km)<\/strong><\/p>\r\n<ul>\r\n<li>Chevallier - (011) 4000.5255<\/li>\r\n<li>Expreso del Oeste - (011) 4315.1426<\/li>\r\n<li>Sierras Cordobesas - (011) 4314.9488<\/li>\r\n<\/ul>\r\n<p>\u00a0<\/p>\r\n<p><strong>C\u00f3rdoba - Villa de Las Rosas (196 km)<\/strong><\/p>\r\n<ul>\r\n<li>Ciudad de C\u00f3rdoba - (0351) 428.2812<\/li>\r\n<li>Coata - (0351) 423.5150<\/li>\r\n<li>Panaholma (Diferencial) - (0351) 428.1610<\/li>\r\n<li>Sierra Bus (Diferencial) - (0351) 427.1887<\/li>\r\n<\/ul>\r\n<p>\u00a0<\/p>\r\n<p><strong>Rosario - Villa de Las Rosas (566 km)<\/strong><\/p>\r\n<ul>\r\n<li>Monticas - (0341) 439.5894<\/li>\r\n<\/ul>\r\n<p>\u00a0<\/p>\r\n<p><strong>Terminal de Villa de Las Rosas<\/strong><\/p>\r\n<ul>\r\n<li>Chevallier - (03544) 494.611<\/li>\r\n<li>Coata - (03544) 494.611<\/li>\r\n<li>Expreso del Oeste - (03544) 494.622<\/li>\r\n<li>Sierra Bus - (03544) 494.490<\/li>\r\n<li>Sierras Cordobesas - (03544) 494.622<\/li>\r\n<\/ul>\r\n<p>\u00a0<\/p>\r\n<p><strong>Terminal de Villa Dolores<\/strong><\/p>\r\n<ul>\r\n<li>Andesmar - (03544) 423.434<\/li>\r\n<li>Autotransporte San Juan - (03544) 421.056<\/li>\r\n<li>Chevallier - (03544) 421.586<\/li>\r\n<li>Ciudad de C\u00f3rdoba - (03544) 422.955<\/li ><\/li>\r\n<li>Coata - (03544) 424.300<\/li>\r\n<li>Expreso Del Oeste - (03544) 422.955<\/li>\r\n<li>Monticas - (03544) 422.955<\/li>\r\n<li>Panaholma - (03544) 423.200 - 423.900<\/li>\r\n<li>San Juan\/Mar Del Plata - (03544) 423.835<\/li>\r\n<li>Sarmiento - (03544) 423.330<\/li>\r\n<li>Sierra Bus - (03544) 423.500<\/li>\r\n<li>Sierras Cordobesas - (03544) 424.509<\/li>\r\n<li>Tus - (03544) 422.955<\/li>\r\n<\/ul>","_et_gb_content_width":"","footnotes":""},"class_list":["post-439","page","type-page","status-publish","hentry"],"aioseo_notices":[],"_links":{"self":[{"href":"https:\/\/jorgeluismartin.com\/biohostel\/wp-json\/wp\/v2\/pages\/439","targetHints":{"allow":["GET"]}}],"collection":[{"href":"https:\/\/jorgeluismartin.com\/biohostel\/wp-json\/wp\/v2\/pages"}],"about":[{"href":"https:\/\/jorgeluismartin.com\/biohostel\/wp-json\/wp\/v2\/types\/page"}],"author":[{"embeddable":true,"href":"https:\/\/jorgeluismartin.com\/biohostel\/wp-json\/wp\/v2\/users\/1"}],"replies":[{"embeddable":true,"href":"https:\/\/jorgeluismartin.com\/biohostel\/wp-json\/wp\/v2\/comments?post=439"}],"version-history":[{"count":86,"href":"https:\/\/jorgeluismartin.com\/biohostel\/wp-json\/wp\/v2\/pages\/439\/revisions"}],"predecessor-version":[{"id":798,"href":"https:\/\/jorgeluismartin.com\/biohostel\/wp-json\/wp\/v2\/pages\/439\/revisions\/798"}],"wp:attachment":[{"href":"https:\/\/jorgeluismartin.com\/biohostel\/wp-json\/wp\/v2\/media?parent=439"}],"curies":[{"name":"wp","href":"https:\/\/api.w.org\/{rel}","templated":true}]}}